{"id":643,"date":"2020-08-03T13:05:40","date_gmt":"2020-08-03T10:05:40","guid":{"rendered":"https:\/\/cyannakopoulos.gr\/cours\/universite-dathenes\/programme-de-premier-cycle\/dioikitiki-dikonomia\/"},"modified":"2020-11-15T11:39:05","modified_gmt":"2020-11-15T08:39:05","slug":"contentieux-administratif","status":"publish","type":"page","link":"https:\/\/cyannakopoulos.gr\/fr\/cours\/universite-dathenes\/premier-cycle\/contentieux-administratif\/","title":{"rendered":"Contentieux administratif"},"content":{"rendered":"<p><strong>Le contenu du cours<\/strong><\/p>\n<p>Le contr\u00f4le juridictionnel de l\u2019activit\u00e9 administrative et la justice administrative. Le droit au juge. Les litiges administratifs. L\u2019organisation et la r\u00e9partition des comp\u00e9tences au sein de l\u2019ordre de juridiction administrative. Le proc\u00e8s administratif. L\u2019office du juge. Les principes g\u00e9n\u00e9raux du contentieux administratif. Les recours. Le recours pour exc\u00e8s de pouvoir. Les recours de plein contentieux. L\u2019action. Le jugement et la conformit\u00e9 de l\u2019Administration. Les voies de recours. L\u2019opposition. La tierce opposition. L\u2019appel. La r\u00e9vision. La r\u00e9p\u00e9tition de la proc\u00e9dure. Le pourvoi en cassation.<\/p>\n","protected":false},"excerpt":{"rendered":"<p>Le contenu du cours Le contr\u00f4le juridictionnel de l\u2019activit\u00e9 administrative et la justice administrative. Le droit au juge. Les litiges administratifs. L\u2019organisation et la r\u00e9partition des comp\u00e9tences au sein de l\u2019ordre de juridiction administrative. Le proc\u00e8s administratif. L\u2019office du juge. Les principes g\u00e9n\u00e9raux du contentieux administratif. Les recours. Le recours pour exc\u00e8s de pouvoir. Les [&hellip;]<\/p>\n","protected":false},"author":1,"featured_media":0,"parent":637,"menu_order":2,"comment_status":"closed","ping_status":"closed","template":"page-mathimata-lessons-template.php","meta":{"_acf_changed":false,"footnotes":"","_links_to":"","_links_to_target":""},"class_list":["post-643","page","type-page","status-publish","hentry"],"acf":[],"_links":{"self":[{"href":"https:\/\/cyannakopoulos.gr\/fr\/wp-json\/wp\/v2\/pages\/643","targetHints":{"allow":["GET"]}}],"collection":[{"href":"https:\/\/cyannakopoulos.gr\/fr\/wp-json\/wp\/v2\/pages"}],"about":[{"href":"https:\/\/cyannakopoulos.gr\/fr\/wp-json\/wp\/v2\/types\/page"}],"author":[{"embeddable":true,"href":"https:\/\/cyannakopoulos.gr\/fr\/wp-json\/wp\/v2\/users\/1"}],"replies":[{"embeddable":true,"href":"https:\/\/cyannakopoulos.gr\/fr\/wp-json\/wp\/v2\/comments?post=643"}],"version-history":[{"count":0,"href":"https:\/\/cyannakopoulos.gr\/fr\/wp-json\/wp\/v2\/pages\/643\/revisions"}],"up":[{"embeddable":true,"href":"https:\/\/cyannakopoulos.gr\/fr\/wp-json\/wp\/v2\/pages\/637"}],"wp:attachment":[{"href":"https:\/\/cyannakopoulos.gr\/fr\/wp-json\/wp\/v2\/media?parent=643"}],"curies":[{"name":"wp","href":"https:\/\/api.w.org\/{rel}","templated":true}]}}