{"id":646,"date":"2020-08-24T16:07:20","date_gmt":"2020-08-24T13:07:20","guid":{"rendered":"https:\/\/cyannakopoulos.gr\/cours\/universite-dathenes\/programme-de-premier-cycle\/seminario-dimosiou-dikaiou\/"},"modified":"2020-11-15T11:39:25","modified_gmt":"2020-11-15T08:39:25","slug":"seminaire-de-droit-public","status":"publish","type":"page","link":"https:\/\/cyannakopoulos.gr\/fr\/cours\/universite-dathenes\/premier-cycle\/seminaire-de-droit-public\/","title":{"rendered":"S\u00e9minaire de droit public"},"content":{"rendered":"<p><strong>Le contenu du cours<\/strong><\/p>\n<p>Le s\u00e9minaire analyse les probl\u00e8mes actuels du droit constitutionnel et du droit administratif. Le s\u00e9minaire comprend des conf\u00e9rences, la pr\u00e9sentation des travaux des \u00e9tudiants et des interventions par des invit\u00e9s.<\/p>\n","protected":false},"excerpt":{"rendered":"<p>Le contenu du cours Le s\u00e9minaire analyse les probl\u00e8mes actuels du droit constitutionnel et du droit administratif. Le s\u00e9minaire comprend des conf\u00e9rences, la pr\u00e9sentation des travaux des \u00e9tudiants et des interventions par des invit\u00e9s.<\/p>\n","protected":false},"author":1,"featured_media":0,"parent":637,"menu_order":3,"comment_status":"closed","ping_status":"closed","template":"page-mathimata-lessons-template.php","meta":{"_acf_changed":false,"footnotes":"","_links_to":"","_links_to_target":""},"class_list":["post-646","page","type-page","status-publish","hentry"],"acf":[],"_links":{"self":[{"href":"https:\/\/cyannakopoulos.gr\/fr\/wp-json\/wp\/v2\/pages\/646","targetHints":{"allow":["GET"]}}],"collection":[{"href":"https:\/\/cyannakopoulos.gr\/fr\/wp-json\/wp\/v2\/pages"}],"about":[{"href":"https:\/\/cyannakopoulos.gr\/fr\/wp-json\/wp\/v2\/types\/page"}],"author":[{"embeddable":true,"href":"https:\/\/cyannakopoulos.gr\/fr\/wp-json\/wp\/v2\/users\/1"}],"replies":[{"embeddable":true,"href":"https:\/\/cyannakopoulos.gr\/fr\/wp-json\/wp\/v2\/comments?post=646"}],"version-history":[{"count":0,"href":"https:\/\/cyannakopoulos.gr\/fr\/wp-json\/wp\/v2\/pages\/646\/revisions"}],"up":[{"embeddable":true,"href":"https:\/\/cyannakopoulos.gr\/fr\/wp-json\/wp\/v2\/pages\/637"}],"wp:attachment":[{"href":"https:\/\/cyannakopoulos.gr\/fr\/wp-json\/wp\/v2\/media?parent=646"}],"curies":[{"name":"wp","href":"https:\/\/api.w.org\/{rel}","templated":true}]}}