{"id":651,"date":"2020-08-24T16:09:31","date_gmt":"2020-08-24T13:09:31","guid":{"rendered":"https:\/\/cyannakopoulos.gr\/cours\/universite-dathenes\/programme-detudes-superieures\/dimosies-symvaseis\/"},"modified":"2020-11-15T11:40:08","modified_gmt":"2020-11-15T08:40:08","slug":"marches-publics","status":"publish","type":"page","link":"https:\/\/cyannakopoulos.gr\/fr\/cours\/universite-dathenes\/programme-detudes-superieures\/marches-publics\/","title":{"rendered":"March\u00e9s publics"},"content":{"rendered":"<p><strong>Le contenu du cours<\/strong><\/p>\n<p>Le droit des march\u00e9s publics porte sur les contrats par lesquels une entit\u00e9 publique confie la prestation d\u2019une activit\u00e9 \u00e9conomique \u00e0 un tiers en mati\u00e8re de travaux publics, de services et de fournitures. Dans le domaine du droit des march\u00e9s publics, le droit constitutionnel croise le droit administratif, le droit public le droit priv\u00e9, le droit mat\u00e9riel le droit proc\u00e9dural et le droit national les droits europ\u00e9en et international. Il s&rsquo;agit d&rsquo;un domaine d&rsquo;un int\u00e9r\u00eat th\u00e9orique et pratique particulier, mettant en \u00e9vidence presque tous les aspects de l&rsquo;europ\u00e9anisation du droit national et de l&rsquo;impact de la crise \u00e9conomique et budg\u00e9taire sur les institutions juridiques. Du fait de l&rsquo;int\u00e9r\u00eat \u00e9conomique particulier de la passation et de l\u2019ex\u00e9cution des march\u00e9s publics, le droit de ceux-ci se trouve toujours dans l\u2019actualit\u00e9.<\/p>\n<p>Les conf\u00e9rences du cours sont bas\u00e9es sur l&rsquo;analyse des droits national et europ\u00e9en des march\u00e9s publics, suivent l&rsquo;\u00e9volution de la l\u00e9gislation pertinente et mettent l\u2019accent sur le commentaire de la jurisprudence des juridictions nationales et de la Cour de justice de l&rsquo;Union europ\u00e9enne. Chaque unit\u00e9 d&rsquo;enseignement est accompagn\u00e9e d&rsquo;un dossier qui comprend le plan du cours et des textes \u00e0 commenter (textes l\u00e9gislatifs, arr\u00eats juridictionnels, articles, etc.).<\/p>\n","protected":false},"excerpt":{"rendered":"<p>Le contenu du cours Le droit des march\u00e9s publics porte sur les contrats par lesquels une entit\u00e9 publique confie la prestation d\u2019une activit\u00e9 \u00e9conomique \u00e0 un tiers en mati\u00e8re de travaux publics, de services et de fournitures. Dans le domaine du droit des march\u00e9s publics, le droit constitutionnel croise le droit administratif, le droit public [&hellip;]<\/p>\n","protected":false},"author":1,"featured_media":0,"parent":648,"menu_order":0,"comment_status":"closed","ping_status":"closed","template":"page-mathimata-lessons-template.php","meta":{"_acf_changed":false,"footnotes":"","_links_to":"","_links_to_target":""},"class_list":["post-651","page","type-page","status-publish","hentry"],"acf":[],"_links":{"self":[{"href":"https:\/\/cyannakopoulos.gr\/fr\/wp-json\/wp\/v2\/pages\/651","targetHints":{"allow":["GET"]}}],"collection":[{"href":"https:\/\/cyannakopoulos.gr\/fr\/wp-json\/wp\/v2\/pages"}],"about":[{"href":"https:\/\/cyannakopoulos.gr\/fr\/wp-json\/wp\/v2\/types\/page"}],"author":[{"embeddable":true,"href":"https:\/\/cyannakopoulos.gr\/fr\/wp-json\/wp\/v2\/users\/1"}],"replies":[{"embeddable":true,"href":"https:\/\/cyannakopoulos.gr\/fr\/wp-json\/wp\/v2\/comments?post=651"}],"version-history":[{"count":0,"href":"https:\/\/cyannakopoulos.gr\/fr\/wp-json\/wp\/v2\/pages\/651\/revisions"}],"up":[{"embeddable":true,"href":"https:\/\/cyannakopoulos.gr\/fr\/wp-json\/wp\/v2\/pages\/648"}],"wp:attachment":[{"href":"https:\/\/cyannakopoulos.gr\/fr\/wp-json\/wp\/v2\/media?parent=651"}],"curies":[{"name":"wp","href":"https:\/\/api.w.org\/{rel}","templated":true}]}}